{"id":4753,"date":"2023-10-26T08:27:39","date_gmt":"2023-10-26T08:27:39","guid":{"rendered":"https:\/\/atelier-simon.de\/?page_id=4753"},"modified":"2024-01-19T11:32:11","modified_gmt":"2024-01-19T11:32:11","slug":"kompetenzen","status":"publish","type":"page","link":"https:\/\/atelier-simon.de\/?page_id=4753","title":{"rendered":"Kompetenzen"},"content":{"rendered":"<p>[et_pb_section fb_built=&#8220;1&#8243; module_id=&#8220;kompetenzen&#8220; _builder_version=&#8220;4.23&#8243; _module_preset=&#8220;default&#8220; global_colors_info=&#8220;{}&#8220;][et_pb_row _builder_version=&#8220;4.23&#8243; _module_preset=&#8220;default&#8220; global_colors_info=&#8220;{}&#8220;][et_pb_column type=&#8220;4_4&#8243; _builder_version=&#8220;4.23&#8243; _module_preset=&#8220;default&#8220; global_colors_info=&#8220;{}&#8220;][et_pb_blurb title=&#8220;meine Kompetenzen&#8220; use_icon=&#8220;on&#8220; _builder_version=&#8220;4.24.0&#8243; _module_preset=&#8220;default&#8220; header_level=&#8220;h3&#8243; header_font=&#8220;Montserrat|500|||on||||solid&#8220; header_font_size=&#8220;23px&#8220; body_font=&#8220;Montserrat|300|||||||&#8220; body_line_height=&#8220;1.5em&#8220; hover_enabled=&#8220;0&#8243; header_font_size_tablet=&#8220;23px&#8220; header_font_size_phone=&#8220;23px&#8220; header_font_size_last_edited=&#8220;on|desktop&#8220; global_colors_info=&#8220;{}&#8220; sticky_enabled=&#8220;0&#8243;]<\/p>\n<ul>\n<li>klassisches Goldschmiedehandwerk mit individuellem Werkzeugbau f\u00fcr Platin, Gold, Palladium, Eisen, Titan, Aluminium&#8230;..<\/li>\n<li>Schmuck mit Edelh\u00f6lzern, Elforyn, Juma, Corian, Perlmut, Horn, Eisen<\/li>\n<li>hochwertigste Edelsteine<\/li>\n<li>digitale Werkzeuge: CAD, CNC, 3D Print, Lasercushing<\/li>\n<li>gro\u00dfes Netzwerk mit spezialisierten Betrieben<\/li>\n<li>top Oberfl\u00e4chenfinish, passgenaue Montage von Materialmix, unauff\u00e4llige Verschl\u00fcsse, Clipmechaniken<\/li>\n<li>feinstes Handwerk: Entwicklung und Endmontage von Kleinuhren<\/li>\n<\/ul>\n<h6><span style=\"text-decoration: underline;\">Werdegang:<\/span><\/h6>\n<p>Die Ausbildung zum Goldschmied absolvierte ich in der Fachschule f\u00fcr Glas und Schmuck Neugablonz &#8211; 1986. Dann folgte ein Geselljahr in Namibia und 3 Gesellenjahre in M\u00fcnchen bei Atelier Pollinger. ( Anfertigung von hochwertigstem Juwelenschmuck ) Kurz nach der Meisterpr\u00fcfung 1990 wechselte ich 1991 in die Selbst\u00e4ndigkeit und bin seitdem freier Mitarbeiter in eigener Werkstatt f\u00fcr Juweliere und Hersteller.<a href=\"https:\/\/atelier-simon.de\/?page_id=4027\"><em> Siehe <span style=\"text-decoration: underline;\">Referenzen<\/span><\/em><span style=\"text-decoration: underline;\">.<\/span><\/a>\u00a0 Eigene Digitale Werkzeuge kamen bereits ab 1999 hinzu.<\/p>\n<h6><u>digitale Fachkompetenz seit:<\/u><\/h6>\n<ul>\n<li>1999 CAD Rhino + Plugins + diverse 3D Print Technologien<\/li>\n<li>2004 eigene 4-Achs CNC Fr\u00e4se\u00a0 HSC Fr\u00e4sen mit allen fr\u00e4sbaren Materialien<\/li>\n<li>2008\u00a0\u00a0 3D Scan + Reverse Engineering \/ weitere CAD Programme bzw. Plugins wie T-splines \/ Z-Brush<\/li>\n<li>2012 eigener 3D Print f\u00fcr schnellstm\u00f6glichen Modellbau<\/li>\n<li>2016 erste Lasercushing Projekte mit Gold, Platin und Titan \/2021 Workshop Additives Schmuckdesign bei C.Hafner<\/li>\n<li>2023 Grasshooper<\/li>\n<\/ul>\n<h6><span style=\"text-decoration: underline;\">ich bin Ihr Goldschmied f\u00fcr:<\/span><\/h6>\n<p>Individuelle Gestaltung, erfahrene Beratung, Designkonzepte mit Variationen, Schmuck mit spannenden Material \u2013 und Farb- Kombinationen, schneller Modellbau ,CAD Freiformfl\u00e4chenmodellierung, CNC gefr\u00e4ste Schmuckbauteile in allen fr\u00e4sbaren Materialien, Qualit\u00e4t und Nachhaltigkeit.<\/p>\n<p>[\/et_pb_blurb][\/et_pb_column][\/et_pb_row][\/et_pb_section]<\/p>\n","protected":false},"excerpt":{"rendered":"<p>klassisches Goldschmiedehandwerk mit individuellem Werkzeugbau f\u00fcr Platin, Gold, Palladium, Eisen, Titan, Aluminium&#8230;.. Schmuck mit Edelh\u00f6lzern, Elforyn, Juma, Corian, Perlmut, Horn, Eisen hochwertigste Edelsteine digitale Werkzeuge: CAD, CNC, 3D Print, Lasercushing gro\u00dfes Netzwerk mit spezialisierten Betrieben top Oberfl\u00e4chenfinish, passgenaue Montage von Materialmix, unauff\u00e4llige Verschl\u00fcsse, Clipmechaniken feinstes Handwerk: Entwicklung und Endmontage von Kleinuhren Werdegang: Die Ausbildung zum [&hellip;]<\/p>\n","protected":false},"author":1,"featured_media":0,"parent":0,"menu_order":0,"comment_status":"closed","ping_status":"closed","template":"","meta":{"_et_pb_use_builder":"on","_et_pb_old_content":"","_et_gb_content_width":"","footnotes":""},"class_list":["post-4753","page","type-page","status-publish","hentry"],"_links":{"self":[{"href":"https:\/\/atelier-simon.de\/index.php?rest_route=\/wp\/v2\/pages\/4753","targetHints":{"allow":["GET"]}}],"collection":[{"href":"https:\/\/atelier-simon.de\/index.php?rest_route=\/wp\/v2\/pages"}],"about":[{"href":"https:\/\/atelier-simon.de\/index.php?rest_route=\/wp\/v2\/types\/page"}],"author":[{"embeddable":true,"href":"https:\/\/atelier-simon.de\/index.php?rest_route=\/wp\/v2\/users\/1"}],"replies":[{"embeddable":true,"href":"https:\/\/atelier-simon.de\/index.php?rest_route=%2Fwp%2Fv2%2Fcomments&post=4753"}],"version-history":[{"count":17,"href":"https:\/\/atelier-simon.de\/index.php?rest_route=\/wp\/v2\/pages\/4753\/revisions"}],"predecessor-version":[{"id":5009,"href":"https:\/\/atelier-simon.de\/index.php?rest_route=\/wp\/v2\/pages\/4753\/revisions\/5009"}],"wp:attachment":[{"href":"https:\/\/atelier-simon.de\/index.php?rest_route=%2Fwp%2Fv2%2Fmedia&parent=4753"}],"curies":[{"name":"wp","href":"https:\/\/api.w.org\/{rel}","templated":true}]}}